{"id":27,"date":"2024-12-05T15:35:25","date_gmt":"2024-12-05T14:35:25","guid":{"rendered":"https:\/\/landfrauen-kollmarmarsch.de\/?page_id=27"},"modified":"2026-04-15T14:38:03","modified_gmt":"2026-04-15T12:38:03","slug":"programm","status":"publish","type":"page","link":"https:\/\/landfrauen-kollmarmarsch.de\/start\/programm\/","title":{"rendered":"Programm"},"content":{"rendered":"\t\t<div data-elementor-type=\"wp-page\" data-elementor-id=\"27\" class=\"elementor elementor-27\">\n\t\t\t\t<div class=\"elementor-element elementor-element-e837f7d e-flex e-con-boxed e-con e-parent\" data-id=\"e837f7d\" data-element_type=\"container\" data-e-type=\"container\">\n\t\t\t\t\t<div class=\"e-con-inner\">\n\t\t\t\t<div class=\"elementor-element elementor-element-297f7ee elementor-widget elementor-widget-heading\" data-id=\"297f7ee\" data-element_type=\"widget\" data-e-type=\"widget\" data-widget_type=\"heading.default\">\n\t\t\t\t<div class=\"elementor-widget-container\">\n\t\t\t\t\t<h1 class=\"elementor-heading-title elementor-size-default\">Unser Programm<\/h1>\t\t\t\t<\/div>\n\t\t\t\t<\/div>\n\t\t\t\t\t<\/div>\n\t\t\t\t<\/div>\n\t\t<div class=\"elementor-element elementor-element-62eb8eb e-flex e-con-boxed e-con e-parent\" data-id=\"62eb8eb\" data-element_type=\"container\" data-e-type=\"container\">\n\t\t\t\t\t<div class=\"e-con-inner\">\n\t\t\t\t<div class=\"elementor-element elementor-element-eabc8f3 elementor-widget elementor-widget-text-editor\" data-id=\"eabc8f3\" data-element_type=\"widget\" data-e-type=\"widget\" data-widget_type=\"text-editor.default\">\n\t\t\t\t<div class=\"elementor-widget-container\">\n\t\t\t\t\t\t\t\t\t<p class=\"western\"><strong>Liebe LandFrauen und Interessierte,<\/strong><\/p><p class=\"western\">f\u00fcr das 1. Halbjahr 2026 haben wir wieder ein neues Programm mit interessanten Veranstaltungen und Aktivit\u00e4ten ausgearbeitet. Wir hoffen auf rege Beteiligung und w\u00fcnschen uns allen viel Freude.<\/p><p class=\"western\">In 2025 konnten wir mit der Aktion \u201eLandFrauen werben LandFrauen\u201c neue Mitglieder begr\u00fc\u00dfen. Auch in 2026 nimmt wieder jede LandFrau, die ein neues Mitglied wirbt, am Jahresende an einer Verlosung teil. Scheut euch nicht und schwingt die Werbetrommel. Nur so bleibt unser Verein lebendig und kann sich weiter entfalten.<\/p><p class=\"western\">G\u00e4ste sind jederzeit herzlich willkommen.<br \/>(Der Gastbeitrag betr\u00e4gt 5,00 \u20ac). Bei begrenzter Teilnehmerzahl werden die Anmeldungen von Mitgliedern bevorzugt ber\u00fccksichtigt.<\/p><p>Mit freundlichen Gr\u00fc\u00dfen<br \/>Im Namen des Vorstandes<br \/>Maren Piening<\/p><p>Das aktuelle Programm steht auch <a href=\"https:\/\/landfrauen-kollmarmarsch.de\/wp-content\/uploads\/2026\/01\/Programm-1.-Hj.-2026-Datei.pdf\"><span class=\"cm_anchor\">HIER<\/span> <\/a>zum Download bereit.<\/p><p>Auch das Programm der<strong> &#8222;Jungen LandFrauen&#8220;<\/strong> finden Sie <a href=\"https:\/\/landfrauen-kollmarmarsch.de\/wp-content\/uploads\/2025\/02\/Programm1_2025-Junge-Landfrauen-Steinburg.pdf\"><span class=\"cm_anchor\">hier<\/span><\/a>. Grunds\u00e4tzlich sind auch diese Veranstaltungen f\u00fcr alle Mitglieder offen. Die Organisation erfolgt auf Kreisebene durch das Organisations-Team der Jungen LandFrauen. Infos gibt es auch unter <a class=\"cm_anchor\" href=\"https:\/\/kreislandfrauen-steinburg.de\/junge-landfrauen.htm\" target=\"_blank\" rel=\"noreferrer noopener\">kreislandfrauen-steinburg.de\/junge-landfrauen<\/a><\/p>\t\t\t\t\t\t\t\t<\/div>\n\t\t\t\t<\/div>\n\t\t\t\t<div class=\"elementor-element elementor-element-996d9f3 elementor-widget elementor-widget-text-editor\" data-id=\"996d9f3\" data-element_type=\"widget\" data-e-type=\"widget\" data-widget_type=\"text-editor.default\">\n\t\t\t\t<div class=\"elementor-widget-container\">\n\t\t\t\t\t\t\t\t\t<p>Die <strong>Kreativgruppe<\/strong> trifft sich ab 02. Februar 2026 (8 x) montags ab 14.00 Uhr im Gemeindehaus in Neuendorf zum N\u00e4hen, Stricken, Basteln etc.,<br \/>Infos bei Maren Piening Tel. 04128\/435<\/p>\t\t\t\t\t\t\t\t<\/div>\n\t\t\t\t<\/div>\n\t\t\t\t\t<\/div>\n\t\t\t\t<\/div>\n\t\t<div class=\"elementor-element elementor-element-aec602d e-flex e-con-boxed e-con e-parent\" data-id=\"aec602d\" data-element_type=\"container\" data-e-type=\"container\">\n\t\t\t\t\t<div class=\"e-con-inner\">\n\t\t\t\t<div class=\"elementor-element elementor-element-0c3c7d1 elementor-widget-divider--view-line elementor-widget elementor-widget-divider\" data-id=\"0c3c7d1\" data-element_type=\"widget\" data-e-type=\"widget\" data-widget_type=\"divider.default\">\n\t\t\t\t<div class=\"elementor-widget-container\">\n\t\t\t\t\t\t\t<div class=\"elementor-divider\">\n\t\t\t<span class=\"elementor-divider-separator\">\n\t\t\t\t\t\t<\/span>\n\t\t<\/div>\n\t\t\t\t\t\t<\/div>\n\t\t\t\t<\/div>\n\t\t\t\t<div class=\"elementor-element elementor-element-efe3fd5 elementor-widget elementor-widget-shortcode\" data-id=\"efe3fd5\" data-element_type=\"widget\" data-e-type=\"widget\" data-widget_type=\"shortcode.default\">\n\t\t\t\t<div class=\"elementor-widget-container\">\n\t\t\t\t\t\t\t<div class=\"elementor-shortcode\"><div style=\"border: 1px solid #ccc; padding: 10px;\"><p style=\"margin: 0;\">20. Mai 2026 <\/p><div style=\"margin-top: 10px; padding-left: 20px;\"><p style=\"margin: 0; font-weight: bold;\">Tagesausfahrt zur Rohmilchk\u00e4serei  Backensholz und Haithabu<\/p><\/div><div style=\"margin-top: 10px; padding-left: 40px;\"><p style=\"margin: 0;\">Das gesonderte Dokument zum Tagesausflug ist \u00fcber den Button herunterzuladen.<\/p><\/div><div style=\"margin-top: 15px; padding-left: 40px;\"><button onclick=\"window.open('https:\/\/landfrauen-kollmarmarsch.de\/wp-content\/uploads\/2026\/01\/Programm-1.-Hj.-2026-Tagesausflug260520.doc.pdf&quot;', '_blank')\" style=\"padding: 8px 16px; background-color: #0073aa; color: white; border: none; border-radius: 4px; font-weight: bold; cursor: pointer;\">mehr Infos<\/button><\/div><\/div><div style=\"border: 1px solid #ccc; padding: 10px;\"><p style=\"margin: 0;\">Mittwoch, 10. Juni 2026 13.30 Uhr Wasserwerk Horst<\/p><div style=\"margin-top: 10px; padding-left: 20px;\"><p style=\"margin: 0; font-weight: bold;\">Wo kommt unser Wasser her?<\/p><\/div><div style=\"margin-top: 10px; padding-left: 40px;\"><p style=\"margin: 0;\">Dieser Frage gehen wir bei einer Besichtigung des Wasserwerkes in Horst auf den<br \/>\r\nGrund. Anschlie\u00dfend gibt es Kaffee und Kuchen im neuen Sommerl\u00e4nder<br \/>\r\nGemeindehaus.<br \/>\r\nTreffpunkt: 13.15 Uhr Wasserwerk Horst, Am Wasserwerk, 25358 Horst<br \/>\r\nKosten: 5,00 \u20ac f\u00fcr Kaffee und Kuchen<br \/>\r\nAnmeldung: bis zum 31.05.2026 bei Maren Piening 04128\/435 oder<br \/>\r\nMargrit Greve 04121\/21446<\/p><\/div><\/div><div style=\"border: 1px solid #ccc; padding: 10px;\"><p style=\"margin: 0;\">Donnerstag 16. Juli 2026 15.30 Uhr <\/p><div style=\"margin-top: 10px; padding-left: 20px;\"><p style=\"margin: 0; font-weight: bold;\">Aboretum Ellerhoop<\/p><\/div><div style=\"margin-top: 10px; padding-left: 40px;\"><p style=\"margin: 0;\">Wir beginnen mit geselligem Beisammensein im Cafe.<br \/>\r\nIm Anschluss starten wir den gef\u00fchrten Rundgang durch einen malerischen<br \/>\r\nSchaugarten vorbei an den unterschiedlichen Themeng\u00e4rten.<br \/>\r\nTreffpunkt: 14.30 Uhr Parkplatz an der Kirche Kollmar<br \/>\r\noder 15.15 Uhr Aboretum, Thiensen 4, 25373 Ellerhoop<br \/>\r\nKosten: 12,50 \u20ac f\u00fcr Kaffee und Kuchen<br \/>\r\nAnmeldung: bis zum 05.07.2026 bei Margrit Greve 04121\/21446 oder<br \/>\r\nMaren Piening 04128\/435<\/p><\/div><\/div><div style=\"border: 1px solid #ccc; padding: 10px;\"><p style=\"margin: 0;\">Samstag, 15. August 2026 14.00<\/p><div style=\"margin-top: 10px; padding-left: 20px;\"><p style=\"margin: 0; font-weight: bold;\"> Strandfest Kollmar<\/p><\/div><div style=\"margin-top: 10px; padding-left: 40px;\"><p style=\"margin: 0;\">Auch in diesem Jahr wollen wir wieder mit den Kindern Blumenkr\u00e4nze binden. F\u00fcr<br \/>\r\ndiese tolle Aktion ben\u00f6tigen wir Blumen und Gr\u00fcnes zum Binden (z. B. Buchs-,<br \/>\r\nLebensbaum und Blumen jeglicher Art.) sowie flei\u00dfige H\u00e4nde, die uns unterst\u00fctzen.<br \/>\r\nTreffpunkt: 13.30 Uhr Kollmar Hafen<br \/>\r\nAnmeldung: bis zum 01.08.2026 bei Maren Piening 04128\/ 435<\/p><\/div><\/div><div style=\"border: 1px solid #ccc; padding: 10px;\"><p style=\"margin: 0;\">Donnerstag, 27. \u2013 Sonntag, 30. August 2026<\/p><div style=\"margin-top: 10px; padding-left: 20px;\"><p style=\"margin: 0; font-weight: bold;\">Reise gemeinsam mit den LandFrauen Krempermarsch in den Raum Hannover<\/p><\/div><div style=\"margin-top: 10px; padding-left: 40px;\"><p style=\"margin: 0;\">Infos zum Programm und zur Anmeldung gibt es mit einer gesonderten Mitteilung.<\/p><\/div><\/div><div style=\"border: 1px solid #ccc; padding: 10px;\"><p style=\"margin: 0;\">Freitag, 04. September 2026 19.00 Uhr<\/p><div style=\"margin-top: 10px; padding-left: 20px;\"><p style=\"margin: 0; font-weight: bold;\">Lange Nacht der G\u00e4rten\r\nbei Carsten Vehrs in Kaisborstel<\/p><\/div><div style=\"margin-top: 10px; padding-left: 40px;\"><p style=\"margin: 0;\">Die KreisLandFrauen organisieren diesen Abend im Rahmen des 75. Jubil\u00e4umsjahres.<br \/>\r\nIn der D\u00e4mmerung erhalten wir ein besonderes Gartenerlebnis.<br \/>\r\nN\u00e4here Infos folgen.<\/p><\/div><\/div><div style=\"border: 1px solid #ccc; padding: 10px;\"><p style=\"margin: 0;\">Dienstag 15. September 2026<\/p><div style=\"margin-top: 10px; padding-left: 20px;\"><p style=\"margin: 0; font-weight: bold;\">Wanderung in der \u201eBokeler Heide\u201c<\/p><\/div><div style=\"margin-top: 10px; padding-left: 40px;\"><p style=\"margin: 0;\">Bei einer F\u00fchrung wollen wir den ca. 1,6 km langen Naturpfad mit seinen<br \/>\r\nunterschiedlichen Biotopen sowie der gro\u00dfen Pflanzen- und Tiervielfalt entdecken.<br \/>\r\nIm Anschluss gibt es Kaffee und Kuchen im Golfclub Lutzhorn.<br \/>\r\nTreffpunkt: 13.00 Uhr Parkplatz Kirche Kollmar<br \/>\r\noder 13.45 Uhr Parkplatz am Naturschutzgebiet (am Golfplatz Lutzhorn<br \/>\r\nvorbei und die n\u00e4chste Stra\u00dfe links abbiegen in Richtung Motorcross<br \/>\r\nMSC Bokel).<br \/>\r\nKosten: 10,00 \u20ac f\u00fcr Kaffee und Blechkuchen<br \/>\r\nAnmeldung: bis zum 01.09.2026 bei Maren Piening 04128\/435 oder<br \/>\r\nMargrit Greve O4121\/21446<\/p><\/div><\/div><\/div>\n\t\t\t\t\t\t<\/div>\n\t\t\t\t<\/div>\n\t\t\t\t<div class=\"elementor-element elementor-element-fdce2f8 elementor-widget-divider--view-line elementor-widget elementor-widget-divider\" data-id=\"fdce2f8\" data-element_type=\"widget\" data-e-type=\"widget\" data-widget_type=\"divider.default\">\n\t\t\t\t<div class=\"elementor-widget-container\">\n\t\t\t\t\t\t\t<div class=\"elementor-divider\">\n\t\t\t<span class=\"elementor-divider-separator\">\n\t\t\t\t\t\t<\/span>\n\t\t<\/div>\n\t\t\t\t\t\t<\/div>\n\t\t\t\t<\/div>\n\t\t\t\t\t<\/div>\n\t\t\t\t<\/div>\n\t\t<div class=\"elementor-element elementor-element-ebeb79f e-flex e-con-boxed e-con e-parent\" data-id=\"ebeb79f\" data-element_type=\"container\" data-e-type=\"container\">\n\t\t\t\t\t<div class=\"e-con-inner\">\n\t\t\t\t<div class=\"elementor-element elementor-element-bc4798c elementor-widget elementor-widget-text-editor\" data-id=\"bc4798c\" data-element_type=\"widget\" data-e-type=\"widget\" data-widget_type=\"text-editor.default\">\n\t\t\t\t<div class=\"elementor-widget-container\">\n\t\t\t\t\t\t\t\t\t<p>Im \u201eKlevenhof\u201c\u00a0\u00a0liegt eine B\u00fccherkiste aus.\u00a0\u00a0\u00a0\u00a0\u00a0\u00a0\u00a0\u00a0Reger Austausch ist erw\u00fcnscht.<\/p><p>Anmeldungen sind auch per Mail m\u00f6glich unter <a class=\"cm_anchor\" href=\"mailto:margrit_greve@web.de\">margrit_greve@web.de<\/a> oder <a class=\"cm_anchor\" href=\"mailto:piening.gehlensiel@googlemail.com\">piening.gehlensiel@googlemail.com<\/a><\/p><p><strong>Die Mitglieder und G\u00e4ste besuchen die\u00a0\u00a0Ausfahrten u. Veranstaltungen\u00a0\u00a0auf eigene Gefahr.<\/strong><\/p><p><strong>Die Anmeldungen sind verbindlich.<\/strong><\/p><p><strong>Der Ver\u00f6ffentlichung von Fotos, die w\u00e4hrend der Veranstaltungen zum Zwecke der zuk\u00fcnftigen\u00a0 Dokumentation\/Pressearbeit erstellt werden, wird mit der Anmeldung zugestimmt.<\/strong><\/p><p><strong>Die zu den Veranstaltungsterminen g\u00fcltigen Hygieneregelungen sind einzuhalten.<\/strong><\/p>\t\t\t\t\t\t\t\t<\/div>\n\t\t\t\t<\/div>\n\t\t\t\t\t<\/div>\n\t\t\t\t<\/div>\n\t\t\t\t<\/div>\n\t\t","protected":false},"excerpt":{"rendered":"<p>Unser Programm Liebe LandFrauen und Interessierte, f\u00fcr das 1. Halbjahr 2026 haben wir wieder ein neues Programm mit interessanten Veranstaltungen und Aktivit\u00e4ten ausgearbeitet. Wir hoffen auf rege Beteiligung und w\u00fcnschen uns allen viel Freude. In 2025 konnten wir mit der Aktion \u201eLandFrauen werben LandFrauen\u201c neue Mitglieder begr\u00fc\u00dfen. Auch in 2026 nimmt wieder jede LandFrau, die [&hellip;]<\/p>\n","protected":false},"author":1,"featured_media":0,"parent":0,"menu_order":0,"comment_status":"closed","ping_status":"closed","template":"","meta":{"footnotes":""},"class_list":["post-27","page","type-page","status-publish","hentry","entry"],"_links":{"self":[{"href":"https:\/\/landfrauen-kollmarmarsch.de\/start\/wp-json\/wp\/v2\/pages\/27","targetHints":{"allow":["GET"]}}],"collection":[{"href":"https:\/\/landfrauen-kollmarmarsch.de\/start\/wp-json\/wp\/v2\/pages"}],"about":[{"href":"https:\/\/landfrauen-kollmarmarsch.de\/start\/wp-json\/wp\/v2\/types\/page"}],"author":[{"embeddable":true,"href":"https:\/\/landfrauen-kollmarmarsch.de\/start\/wp-json\/wp\/v2\/users\/1"}],"replies":[{"embeddable":true,"href":"https:\/\/landfrauen-kollmarmarsch.de\/start\/wp-json\/wp\/v2\/comments?post=27"}],"version-history":[{"count":10,"href":"https:\/\/landfrauen-kollmarmarsch.de\/start\/wp-json\/wp\/v2\/pages\/27\/revisions"}],"predecessor-version":[{"id":179,"href":"https:\/\/landfrauen-kollmarmarsch.de\/start\/wp-json\/wp\/v2\/pages\/27\/revisions\/179"}],"wp:attachment":[{"href":"https:\/\/landfrauen-kollmarmarsch.de\/start\/wp-json\/wp\/v2\/media?parent=27"}],"curies":[{"name":"wp","href":"https:\/\/api.w.org\/{rel}","templated":true}]}}