{"id":28,"date":"2024-12-05T15:35:25","date_gmt":"2024-12-05T14:35:25","guid":{"rendered":"https:\/\/landfrauen-kollmarmarsch.de\/?page_id=28"},"modified":"2026-05-02T10:00:31","modified_gmt":"2026-05-02T08:00:31","slug":"impressum-2","status":"publish","type":"page","link":"https:\/\/landfrauen-kollmarmarsch.de\/start\/impressum-2\/","title":{"rendered":"Impressum"},"content":{"rendered":"\t\t<div data-elementor-type=\"wp-page\" data-elementor-id=\"28\" class=\"elementor elementor-28\">\n\t\t\t\t<div class=\"elementor-element elementor-element-0457613 e-flex e-con-boxed e-con e-parent\" data-id=\"0457613\" data-element_type=\"container\" data-e-type=\"container\">\n\t\t\t\t\t<div class=\"e-con-inner\">\n\t\t\t\t<div class=\"elementor-element elementor-element-5bd8350 elementor-widget elementor-widget-text-editor\" data-id=\"5bd8350\" data-element_type=\"widget\" data-e-type=\"widget\" data-widget_type=\"text-editor.default\">\n\t\t\t\t<div class=\"elementor-widget-container\">\n\t\t\t\t\t\t\t\t\t<h1>Impressum<\/h1><p><strong>Inhaltlich verantwortlich gem\u00e4\u00df \u00a7 6 MDStV<br \/><\/strong><\/p><p><strong>Landfrauenverein Kollmarmarsch<\/strong><br \/>1. Vorsitzende<br \/>Maren Piening<br \/>Borndeich 2<br \/>25379 Herzhorn<br \/>Tel. 04128 &#8211; 435<\/p><p>Email: landfrauen-kollmarmarsch@web.de<\/p><p>Der Verein geh\u00f6rt dem <a class=\"cm_anchor\" href=\"http:\/\/www.landfrauenschleswig-holstein.de\/\" target=\"_blank\" rel=\"noreferrer noopener\">Landfrauenverband Schleswig-Holstein<\/a> mit seinen 37.000 Mitgliedern an.\u00a0<\/p><h2><strong>STREITSCHLICHTUNG<\/strong><\/h2><p>Die Europ\u00e4ische Kommission stellt eine Plattform zur Online-Streitbeilegung (OS) bereit:\u00a0<a class=\"cm_anchor\" href=\"https:\/\/ec.europa.eu\/consumers\/odr\" target=\"_blank\" rel=\"noreferrer noopener\">https:\/\/ec.europa.eu\/consumers\/odr<\/a>.<br \/>Unsere E-Mail-Adresse lautet: landfrauen-kollmarmarsch@web.de<\/p><p>Wir sind nicht bereit oder verpflichtet, an Streitbeilegungsverfahren vor einer Verbraucherschlichtungsstelle teilzunehmen.<\/p><p>Quelle: <a class=\"cm_anchor\" href=\"http:\/\/www.e-recht24.de\/\" target=\"_blank\" rel=\"noreferrer noopener\"><em>http:\/\/www.e-recht24.de<\/em><\/a><\/p><h2><strong>DISCLAIMER<\/strong><\/h2><p><strong>Haftungsbeschr\u00e4nkung<br \/><\/strong>Verantwortlich f\u00fcr dieses Informationsangebot ist der Herausgeber. Die Informationen auf dieser Website wurden mit gro\u00dfer Sorgfalt zusammengestellt. F\u00fcr die Richtigkeit und Vollst\u00e4ndigkeit kann gleichwohl keine Gew\u00e4hr \u00fcbernommen werden. Aus diesem Grund ist jegliche Haftung f\u00fcr eventuelle Sch\u00e4den im Zusammenhang mit der Nutzung des Informationsangebots ausgeschlossen. Durch die blo\u00dfe Nutzung dieser Website kommt keinerlei Vertragsverh\u00e4ltnis zwischen Nutzer und Anbieter\/Herausgeber zustande.<\/p><p><strong>Hinweis zum Urheberrecht<\/strong><br \/>Der gesamte Inhalt dieser Website unterliegt dem Urheberrecht. Unerlaubte Verwendung, Reproduktion oder Wiedergabe des Inhalts oder von Teilen des Inhalts ist untersagt. Wegen einer Erlaubnis zur Nutzung des Inhalts wenden Sie sich bitte an den Herausgeber.<\/p><p><strong>Hinweis zu externen Links<\/strong><br \/>Soweit von dieser Website auf andere Websites Links gelegt sind, wird darauf hingewiesen, dass keinerlei Einfluss auf die Gestaltung und die Inhalte der gelinkten Seiten besteht und sich deren Inhalt nicht zu Eigen gemacht wird. Dies gilt f\u00fcr alle auf dieser Seite ausgebrachten externen Links und f\u00fcr alle Inhalte der Seiten, zu denen Werbemittel (z.B. Banner, Textanzeigen, Videoanzeigen) f\u00fchren. F\u00fcr verlinkte Seiten gilt, dass rechtswidrige Inhalte zum Zeitpunkt der Verlinkung nicht erkennbar waren. Die Links werden regelm\u00e4\u00dfig auf rechtswidrige Inhalte \u00fcberpr\u00fcft und bei Rechtsverletzungen unverz\u00fcglich entfernt.<\/p><p>Quelle: internetratgeber-recht.de \u2013 <a class=\"cm_anchor\" href=\"http:\/\/www.internetratgeber-recht.de\/\" target=\"_blank\" rel=\"noreferrer noopener\">Rechtsberatung und Rechtsinformationen<\/a><\/p><h2><strong>DATENSCHUTZERKL\u00c4RUNG<\/strong><\/h2><p><strong>Allgemeiner Hinweis und Pflichtinformationen<\/strong><\/p><p>Die verantwortliche Stelle f\u00fcr die Datenverarbeitung auf dieser Website ist:<br \/>LandFrauenverein Kollmarmarsch\u00a0\u00a0 <br \/>1. Vorsitzende<br \/>Maren Piening<br \/>Borndeich 2<br \/>25379 Herzhorn<br \/>Tel. 04128 &#8211; 435<\/p><p><a class=\"cm_anchor\" href=\"mailto:landfrauen-kollmar@t-online.de\">E-Mail<\/a> landfrauen-kollmar@t-online.de<\/p><p><strong>Datenschutz<br \/><\/strong>Die Betreiber dieser Seiten nehmen den Schutz Ihrer pers\u00f6nlichen Daten sehr ernst. Wir behandeln Ihre personenbezogenen Daten vertraulich und entsprechend der gesetzlichen Datenschutzvorschriften sowie dieser Datenschutzerkl\u00e4rung.<\/p><p>Die Nutzung unserer Webseite ist in der Regel ohne Angabe personenbezogener Daten m\u00f6glich. Soweit auf unseren Seiten personenbezogene Daten (beispielsweise Name, Anschrift oder E-Mail-Adressen) erhoben werden, erfolgt dies, soweit m\u00f6glich, stets auf freiwilliger Basis. Diese Daten werden ohne Ihre ausdr\u00fcckliche Zustimmung nicht an Dritte weitergegeben.<\/p><p>Wir weisen darauf hin, dass die Daten\u00fcbertragung im Internet (z.B. bei der Kommunikation per E-Mail) Sicherheitsl\u00fccken aufweisen kann. Ein l\u00fcckenloser Schutz der Daten vor dem Zugriff durch Dritte ist nicht m\u00f6glich.<\/p><p><strong>Cookies<br \/><\/strong>Die Internetseiten verwenden teilweise so genannte Cookies. Cookies richten auf Ihrem Rechner keinen Schaden an und enthalten keine Viren. Cookies dienen dazu, unser Angebot nutzerfreundlicher, effektiver und sicherer zu machen. Cookies sind kleine Textdateien, die auf Ihrem Rechner abgelegt werden und die Ihr Browser speichert.<\/p><p>Die meisten der von uns verwendeten Cookies sind so genannte \u201eSession-Cookies\u201c. Sie werden nach Ende Ihres Besuchs automatisch gel\u00f6scht. Andere Cookies bleiben auf Ihrem Endger\u00e4t gespeichert, bis Sie diese l\u00f6schen. Diese Cookies erm\u00f6glichen es uns, Ihren Browser beim n\u00e4chsten Besuch wiederzuerkennen.<\/p><p>Sie k\u00f6nnen Ihren Browser so einstellen, dass Sie \u00fcber das Setzen von Cookies informiert werden und Cookies nur im Einzelfall erlauben, die Annahme von Cookies f\u00fcr bestimmte F\u00e4lle oder generell ausschlie\u00dfen sowie das automatische L\u00f6schen der Cookies beim Schlie\u00dfen des Browser aktivieren. Bei der Deaktivierung von Cookies kann die Funktionalit\u00e4t dieser Website eingeschr\u00e4nkt sein.<\/p><p><strong>Server-Log-Files<br \/><\/strong>Der Provider der Seiten erhebt und speichert automatisch Informationen in so genannten Server-Log Files, die Ihr Browser automatisch an uns \u00fcbermittelt. Dies sind:<\/p><ul><li>Browsertyp und Browserversion<\/li><li>verwendetes Betriebssystem<\/li><li>Referrer URL<\/li><li>Hostname des zugreifenden Rechners<\/li><li>Uhrzeit der Serveranfrage<\/li><\/ul><p>Diese Daten sind nicht bestimmten Personen zuordenbar. Eine Zusammenf\u00fchrung dieser Daten mit anderen Datenquellen wird nicht vorgenommen. Wir behalten uns vor, diese Daten nachtr\u00e4glich zu pr\u00fcfen, wenn uns konkrete Anhaltspunkte f\u00fcr eine rechtswidrige Nutzung bekannt werden.<\/p><p><strong>SSL-Verschl\u00fcsselung<br \/><\/strong>Diese Seite nutzt aus Gr\u00fcnden der Sicherheit und zum Schutz der \u00dcbertragung vertraulicher Inhalte, wie zum Beispiel der Anfragen, die Sie an uns als Seitenbetreiber senden, eine SSL-Verschl\u00fcsselung. Eine verschl\u00fcsselte Verbindung erkennen Sie daran, dass die Adresszeile des Browsers von \u201ehttp:\/\/\u201c auf \u201ehttps:\/\/\u201c wechselt und an dem Schloss-Symbol in Ihrer Browserzeile.<\/p><p>Wenn die SSL Verschl\u00fcsselung aktiviert ist, k\u00f6nnen die Daten, die Sie an uns \u00fcbermitteln, nicht von Dritten mitgelesen werden.<\/p><p><strong>Recht auf Auskunft, L\u00f6schung, Sperrung<br \/><\/strong>Sie haben jederzeit das Recht auf unentgeltliche Auskunft \u00fcber Ihre gespeicherten personenbezogenen Daten, deren Herkunft und Empf\u00e4nger und den Zweck der Datenverarbeitung sowie ein Recht auf Berichtigung, Sperrung oder L\u00f6schung dieser Daten. Hierzu sowie zu weiteren Fragen zum Thema personenbezogene Daten k\u00f6nnen Sie sich jederzeit unter der im Impressum angegebenen Adresse an uns wenden.<\/p><p>Quelle: <a class=\"cm_anchor\" href=\"https:\/\/www.e-recht24.de\/\" target=\"_blank\" rel=\"noreferrer noopener\">https:\/\/www.e-recht24.de<\/a><\/p>\t\t\t\t\t\t\t\t<\/div>\n\t\t\t\t<\/div>\n\t\t\t\t\t<\/div>\n\t\t\t\t<\/div>\n\t\t\t\t<\/div>\n\t\t","protected":false},"excerpt":{"rendered":"<p>Impressum Inhaltlich verantwortlich gem\u00e4\u00df \u00a7 6 MDStV Landfrauenverein Kollmarmarsch1. VorsitzendeMaren PieningBorndeich 225379 HerzhornTel. 04128 &#8211; 435 Email: landfrauen-kollmarmarsch@web.de Der Verein geh\u00f6rt dem Landfrauenverband Schleswig-Holstein mit seinen 37.000 Mitgliedern an.\u00a0 STREITSCHLICHTUNG Die Europ\u00e4ische Kommission stellt eine Plattform zur Online-Streitbeilegung (OS) bereit:\u00a0https:\/\/ec.europa.eu\/consumers\/odr.Unsere E-Mail-Adresse lautet: landfrauen-kollmarmarsch@web.de Wir sind nicht bereit oder verpflichtet, an Streitbeilegungsverfahren vor einer Verbraucherschlichtungsstelle teilzunehmen. [&hellip;]<\/p>\n","protected":false},"author":1,"featured_media":0,"parent":0,"menu_order":0,"comment_status":"closed","ping_status":"closed","template":"","meta":{"footnotes":""},"class_list":["post-28","page","type-page","status-publish","hentry","entry"],"_links":{"self":[{"href":"https:\/\/landfrauen-kollmarmarsch.de\/start\/wp-json\/wp\/v2\/pages\/28","targetHints":{"allow":["GET"]}}],"collection":[{"href":"https:\/\/landfrauen-kollmarmarsch.de\/start\/wp-json\/wp\/v2\/pages"}],"about":[{"href":"https:\/\/landfrauen-kollmarmarsch.de\/start\/wp-json\/wp\/v2\/types\/page"}],"author":[{"embeddable":true,"href":"https:\/\/landfrauen-kollmarmarsch.de\/start\/wp-json\/wp\/v2\/users\/1"}],"replies":[{"embeddable":true,"href":"https:\/\/landfrauen-kollmarmarsch.de\/start\/wp-json\/wp\/v2\/comments?post=28"}],"version-history":[{"count":7,"href":"https:\/\/landfrauen-kollmarmarsch.de\/start\/wp-json\/wp\/v2\/pages\/28\/revisions"}],"predecessor-version":[{"id":223,"href":"https:\/\/landfrauen-kollmarmarsch.de\/start\/wp-json\/wp\/v2\/pages\/28\/revisions\/223"}],"wp:attachment":[{"href":"https:\/\/landfrauen-kollmarmarsch.de\/start\/wp-json\/wp\/v2\/media?parent=28"}],"curies":[{"name":"wp","href":"https:\/\/api.w.org\/{rel}","templated":true}]}}