{"id":45,"date":"2024-12-05T15:43:56","date_gmt":"2024-12-05T14:43:56","guid":{"rendered":"https:\/\/landfrauen-kollmarmarsch.de\/?page_id=45"},"modified":"2026-05-02T10:03:47","modified_gmt":"2026-05-02T08:03:47","slug":"start","status":"publish","type":"page","link":"https:\/\/landfrauen-kollmarmarsch.de\/start\/","title":{"rendered":"Start"},"content":{"rendered":"\t\t<div data-elementor-type=\"wp-page\" data-elementor-id=\"45\" class=\"elementor elementor-45\">\n\t\t\t\t<div class=\"elementor-element elementor-element-201b2e3 e-flex e-con-boxed e-con e-parent\" data-id=\"201b2e3\" data-element_type=\"container\" data-e-type=\"container\">\n\t\t\t\t\t<div class=\"e-con-inner\">\n\t\t\t\t<div class=\"elementor-element elementor-element-af22e5f elementor-widget elementor-widget-heading\" data-id=\"af22e5f\" data-element_type=\"widget\" data-e-type=\"widget\" data-widget_type=\"heading.default\">\n\t\t\t\t<div class=\"elementor-widget-container\">\n\t\t\t\t\t<h1 class=\"elementor-heading-title elementor-size-default\">Willkommen bei den Landfrauen!<\/h1>\t\t\t\t<\/div>\n\t\t\t\t<\/div>\n\t\t\t\t\t<\/div>\n\t\t\t\t<\/div>\n\t\t<div class=\"elementor-element elementor-element-0ec14f0 e-flex e-con-boxed e-con e-parent\" data-id=\"0ec14f0\" data-element_type=\"container\" data-e-type=\"container\">\n\t\t\t\t\t<div class=\"e-con-inner\">\n\t\t\t\t<div class=\"elementor-element elementor-element-1016bb6 elementor-widget elementor-widget-heading\" data-id=\"1016bb6\" data-element_type=\"widget\" data-e-type=\"widget\" data-widget_type=\"heading.default\">\n\t\t\t\t<div class=\"elementor-widget-container\">\n\t\t\t\t\t<h2 class=\"elementor-heading-title elementor-size-default\">Aktuelles<\/h2>\t\t\t\t<\/div>\n\t\t\t\t<\/div>\n\t\t\t\t\t<\/div>\n\t\t\t\t<\/div>\n\t\t<div class=\"elementor-element elementor-element-dee8ed8 e-flex e-con-boxed e-con e-parent\" data-id=\"dee8ed8\" data-element_type=\"container\" data-e-type=\"container\">\n\t\t\t\t\t<div class=\"e-con-inner\">\n\t\t\t\t<div class=\"elementor-element elementor-element-53e8d13 elementor-widget elementor-widget-text-editor\" data-id=\"53e8d13\" data-element_type=\"widget\" data-e-type=\"widget\" data-widget_type=\"text-editor.default\">\n\t\t\t\t<div class=\"elementor-widget-container\">\n\t\t\t\t\t\t\t\t\t<p>Das neue Programm ist da.<\/p><p>Schau einfach auf die <a href=\"https:\/\/landfrauen-kollmarmarsch.de\/programm\/\">Programmseite<\/a> oder lade es dir <a href=\"https:\/\/landfrauen-kollmarmarsch.de\/wp-content\/uploads\/2026\/01\/Programm-1.-Hj.-2026-Tagesausflug260520.doc.pdf\"><strong>HIER<\/strong><\/a> herunter.<\/p>\t\t\t\t\t\t\t\t<\/div>\n\t\t\t\t<\/div>\n\t\t\t\t<div class=\"elementor-element elementor-element-ef8b135 elementor-widget elementor-widget-heading\" data-id=\"ef8b135\" data-element_type=\"widget\" data-e-type=\"widget\" data-widget_type=\"heading.default\">\n\t\t\t\t<div class=\"elementor-widget-container\">\n\t\t\t\t\t<h2 class=\"elementor-heading-title elementor-size-default\">Herzlich Willkommen<\/h2>\t\t\t\t<\/div>\n\t\t\t\t<\/div>\n\t\t\t\t<div class=\"elementor-element elementor-element-bc99209 elementor-widget elementor-widget-text-editor\" data-id=\"bc99209\" data-element_type=\"widget\" data-e-type=\"widget\" data-widget_type=\"text-editor.default\">\n\t\t\t\t<div class=\"elementor-widget-container\">\n\t\t\t\t\t\t\t\t\t<p>Wir m\u00f6chten Sie einladen die LandFrauen Kollmarmarsch aus dem Kreisverband <br \/>Steinburg kennen zu lernen. Im s\u00fcdwestlichen Schleswig-Holstein an der Elbe sind wir vielseitig aktiv!<\/p><p>Unsere Mitglieder sind Frauen aus allen Lebensbereichen und Altersgruppen. Wir geh\u00f6ren dem Landfrauenverband Schleswig-Holstein mit seinen 37.000 Mitgliedern an und sind somit Teil der gr\u00f6\u00dften Frauenvereinigung im Lande.<\/p><p>Der Landfrauenverein setzt sich f\u00fcr den Erhalt und die Verbesserung der Lebensqualit\u00e4t der Frauen und M\u00e4dchen im l\u00e4ndlichen Raum ein.<\/p><p>Wir bieten Vortr\u00e4ge verschiedener Art zu aktuellen Themen an. Aber auch Brauchtum und Tradition m\u00f6chten wir pflegen. Wir unternehmen Reisen und Fahrten mit vielseitigen Besichtigungen\u00a0und interessieren uns f\u00fcr Kulturen und Lebensarten anderer L\u00e4nder und V\u00f6lker.<\/p><p>Ganz besonders setzen wir uns f\u00fcr die Gesundheitsvorsorge und Ern\u00e4hrung\u00a0 ein.\u00a0Unterst\u00fctzung finden wir dabei von Fach\u00e4rzten und Ern\u00e4hrungs-beraterinnen.<\/p><p>Haben <strong>Sie<\/strong> Lust unseren Verein kennen zu lernen? Kommen Sie zu uns &#8211;\u00a0wir freuen uns auf <strong>Sie<\/strong>!<\/p>\t\t\t\t\t\t\t\t<\/div>\n\t\t\t\t<\/div>\n\t\t\t\t<div class=\"elementor-element elementor-element-fd1c1f1 elementor-widget elementor-widget-heading\" data-id=\"fd1c1f1\" data-element_type=\"widget\" data-e-type=\"widget\" data-widget_type=\"heading.default\">\n\t\t\t\t<div class=\"elementor-widget-container\">\n\t\t\t\t\t<h4 class=\"elementor-heading-title elementor-size-default\">Wir bieten ein vielschichtiges Programm mit: <\/h4>\t\t\t\t<\/div>\n\t\t\t\t<\/div>\n\t\t\t\t<div class=\"elementor-element elementor-element-21eff1c elementor-widget elementor-widget-text-editor\" data-id=\"21eff1c\" data-element_type=\"widget\" data-e-type=\"widget\" data-widget_type=\"text-editor.default\">\n\t\t\t\t<div class=\"elementor-widget-container\">\n\t\t\t\t\t\t\t\t\t<p>Vortr\u00e4gen verschiedener Art<\/p><p>Informationen<\/p><p>Weiterbildung<\/p><p>Ausfl\u00fcgen<\/p><p>kreativen Aktivit\u00e4ten<\/p><p>Geselligkeit<\/p>\t\t\t\t\t\t\t\t<\/div>\n\t\t\t\t<\/div>\n\t\t\t\t<div class=\"elementor-element elementor-element-b7160b1 elementor-widget elementor-widget-heading\" data-id=\"b7160b1\" data-element_type=\"widget\" data-e-type=\"widget\" data-widget_type=\"heading.default\">\n\t\t\t\t<div class=\"elementor-widget-container\">\n\t\t\t\t\t<h4 class=\"elementor-heading-title elementor-size-default\">Sie k\u00f6nnen mit uns:<\/h4>\t\t\t\t<\/div>\n\t\t\t\t<\/div>\n\t\t\t\t<div class=\"elementor-element elementor-element-10becdf elementor-widget elementor-widget-text-editor\" data-id=\"10becdf\" data-element_type=\"widget\" data-e-type=\"widget\" data-widget_type=\"text-editor.default\">\n\t\t\t\t<div class=\"elementor-widget-container\">\n\t\t\t\t\t\t\t\t\t<p>gestalten<\/p><p>mitreden<\/p><p>Neues kennenlernen<\/p><p>sich einmischen<\/p><p>feiern<\/p><p>auftanken<\/p><p>abschalten<\/p>\t\t\t\t\t\t\t\t<\/div>\n\t\t\t\t<\/div>\n\t\t\t\t\t<\/div>\n\t\t\t\t<\/div>\n\t\t\t\t<\/div>\n\t\t","protected":false},"excerpt":{"rendered":"<p>Willkommen bei den Landfrauen! Aktuelles Das neue Programm ist da. Schau einfach auf die Programmseite oder lade es dir HIER herunter. Herzlich Willkommen Wir m\u00f6chten Sie einladen die LandFrauen Kollmarmarsch aus dem Kreisverband Steinburg kennen zu lernen. Im s\u00fcdwestlichen Schleswig-Holstein an der Elbe sind wir vielseitig aktiv! Unsere Mitglieder sind Frauen aus allen Lebensbereichen und [&hellip;]<\/p>\n","protected":false},"author":1,"featured_media":0,"parent":0,"menu_order":0,"comment_status":"closed","ping_status":"closed","template":"","meta":{"footnotes":""},"class_list":["post-45","page","type-page","status-publish","hentry","entry"],"_links":{"self":[{"href":"https:\/\/landfrauen-kollmarmarsch.de\/start\/wp-json\/wp\/v2\/pages\/45","targetHints":{"allow":["GET"]}}],"collection":[{"href":"https:\/\/landfrauen-kollmarmarsch.de\/start\/wp-json\/wp\/v2\/pages"}],"about":[{"href":"https:\/\/landfrauen-kollmarmarsch.de\/start\/wp-json\/wp\/v2\/types\/page"}],"author":[{"embeddable":true,"href":"https:\/\/landfrauen-kollmarmarsch.de\/start\/wp-json\/wp\/v2\/users\/1"}],"replies":[{"embeddable":true,"href":"https:\/\/landfrauen-kollmarmarsch.de\/start\/wp-json\/wp\/v2\/comments?post=45"}],"version-history":[{"count":10,"href":"https:\/\/landfrauen-kollmarmarsch.de\/start\/wp-json\/wp\/v2\/pages\/45\/revisions"}],"predecessor-version":[{"id":226,"href":"https:\/\/landfrauen-kollmarmarsch.de\/start\/wp-json\/wp\/v2\/pages\/45\/revisions\/226"}],"wp:attachment":[{"href":"https:\/\/landfrauen-kollmarmarsch.de\/start\/wp-json\/wp\/v2\/media?parent=45"}],"curies":[{"name":"wp","href":"https:\/\/api.w.org\/{rel}","templated":true}]}}